{"id":1735,"date":"2023-09-07T10:44:56","date_gmt":"2023-09-07T10:44:56","guid":{"rendered":"https:\/\/ecoplast-technology.com\/pvc\/"},"modified":"2024-04-15T09:12:32","modified_gmt":"2024-04-15T09:12:32","slug":"pvc","status":"publish","type":"page","link":"https:\/\/ecoplast-technology.com\/de\/pvc\/","title":{"rendered":"PVC"},"content":{"rendered":"<div class=\"wpb-content-wrapper\"><p>[vc_row full_width=&#8220;stretch_row&#8220; css=&#8220;.vc_custom_1694071312692{padding-top: 100px !important;padding-bottom: 100px !important;background-color: #f3f8ff !important;}&#8220;][vc_column width=&#8220;2\/3&#8243;][vc_column_text]<\/p>\n<h1>PVC-Profilen<\/h1>\n<div class=\"flex flex-grow flex-col gap-3 max-w-full\">\n<div class=\"min-h-[20px] flex flex-col items-start gap-3 whitespace-pre-wrap break-words overflow-x-auto\">\n<div class=\"markdown prose w-full break-words dark:prose-invert light\">\n<p>Ecoplast-Technology ist ein f\u00fchrender Hersteller von PVC-T\u00fcren und -Fenstern und steht als Leuchtturm f\u00fcr einen h\u00f6heren Lebensstandard. Dieses vision\u00e4re Unternehmen zeichnet sich durch die Herstellung von PVC-basierten L\u00f6sungen aus, die nicht nur die \u00c4sthetik von H\u00e4usern und Geb\u00e4uden verbessern, sondern auch einen wichtigen Beitrag zu einer nachhaltigen und energieeffizienten Zukunft leisten. Mit einem starken Engagement f\u00fcr Innovation und Qualit\u00e4t stellt Ecoplast-Technology sicher, dass ihre Produkte eine hervorragende Isolierung, Sicherheit und Langlebigkeit bieten und letztlich den Komfort und die Sicherheit von Wohnr\u00e4umen verbessern. Durch die konsequente Anwendung umweltfreundlicher Praktiken und die \u00dcberschreitung der Grenzen von Design und Technologie ist Ecoplast-Technology zum Synonym f\u00fcr eine h\u00f6here Lebensqualit\u00e4t geworden und entspricht damit genau den W\u00fcnschen derjenigen, die ihren Lebensstandard erh\u00f6hen wollen.<\/p>\n<\/div>\n<\/div>\n<\/div>\n<p>[\/vc_column_text]<div class=\"cz_gap clr \" style=\"height: 50px\"><\/div>[\/vc_column][vc_column width=&#8220;1\/3&#8243;]<div class=\"cz_gap clr \" style=\"height: 50px\"><\/div><div id=\"cz_23357\" class=\"cz_23357 cz_image clr cz_image_no_fx center_on_mobile\"><div class=\"\" ><div class=\"cz_image_in\" data-tilt data-tilt-maxGlare=\"0.4\" data-tilt-glare=\"true\"><div class=\"cz_main_image\"><img decoding=\"async\" width=\"700\" height=\"700\" src=\"data:image\/svg+xml,%3Csvg%20xmlns%3D&#39;http%3A%2F%2Fwww.w3.org%2F2000%2Fsvg&#39;%20width=&#39;700&#39;%20height=&#39;700&#39;%20viewBox%3D&#39;0%200%20700%20700&#39;%2F%3E\" data-czlz data-src=\"https:\/\/ecoplast-technology.com\/wp-content\/uploads\/2024\/04\/pvc2.jpg\" class=\"attachment-full\" alt=\"\" title=\"pvc2\" data-srcset=\"https:\/\/ecoplast-technology.com\/wp-content\/uploads\/2024\/04\/pvc2.jpg 700w, https:\/\/ecoplast-technology.com\/wp-content\/uploads\/2024\/04\/pvc2-300x300.jpg 300w, https:\/\/ecoplast-technology.com\/wp-content\/uploads\/2024\/04\/pvc2-150x150.jpg 150w, https:\/\/ecoplast-technology.com\/wp-content\/uploads\/2024\/04\/pvc2-600x600.jpg 600w\" data-sizes=\"(max-width: 700px) 100vw, 700px\" \/><\/div><\/div><\/div><\/div>[\/vc_column][\/vc_row][vc_row full_width=&#8220;stretch_row&#8220; css=&#8220;.vc_custom_1694077013378{padding-top: 100px !important;padding-bottom: 100px !important;background-color: #26584c !important;}&#8220;][vc_column width=&#8220;1\/4&#8243;]<div id=\"cz_90272\" class=\"cz_90272 cz_title clr cz_smart_fs cz_title_has_icon cz_title_pos_inline wpb_animate_when_almost_visible fadeInUp\"><div class=\"cz_title_content\"><span class=\"cz_title_icon_before cz_title_image\"><img decoding=\"async\" width=\"75\" height=\"74\" src=\"data:image\/svg+xml,%3Csvg%20xmlns%3D&#39;http%3A%2F%2Fwww.w3.org%2F2000%2Fsvg&#39;%20width=&#39;75&#39;%20height=&#39;74&#39;%20viewBox%3D&#39;0%200%2075%2074&#39;%2F%3E\" data-czlz data-src=\"https:\/\/ecoplast-technology.com\/wp-content\/uploads\/2023\/09\/eco-friendly.svg\" class=\"attachment-full\" alt=\"\" title=\"eco friendly\" \/><\/span><div class=\"cz_wpe_content\"><h4><span style=\"color: #ffffff;\">Nachhaltigkeit<\/span><\/h4>\n<p>&nbsp;<\/p>\n<p><span style=\"font-size: 14px; color: #ffffff;\">Unsere Systeme sind Cradle2Cradle-zertifiziert. Grundvoraussetzung daf\u00fcr ist, dass alle verwendeten Materialien nachweislich schadstofffrei sind und die Systeme mit erneuerbaren Energien hergestellt werden, damit sie f\u00fcr Mensch und Natur sicher sind.<\/span><\/p>\n<\/div><\/div><\/div>[\/vc_column][vc_column width=&#8220;1\/4&#8243;]<div id=\"cz_31340\" class=\"cz_31340 cz_title clr cz_smart_fs cz_title_has_icon cz_title_pos_center wpb_animate_when_almost_visible fadeInUp\"><div class=\"cz_title_content\"><span class=\"cz_title_icon_before cz_title_image\"><img decoding=\"async\" width=\"700\" height=\"700\" src=\"data:image\/svg+xml,%3Csvg%20xmlns%3D&#39;http%3A%2F%2Fwww.w3.org%2F2000%2Fsvg&#39;%20width=&#39;700&#39;%20height=&#39;700&#39;%20viewBox%3D&#39;0%200%20700%20700&#39;%2F%3E\" data-czlz data-src=\"https:\/\/ecoplast-technology.com\/wp-content\/uploads\/2023\/10\/insulation.png\" class=\"attachment-full\" alt=\"\" title=\"insulation\" data-srcset=\"https:\/\/ecoplast-technology.com\/wp-content\/uploads\/2023\/10\/insulation.png 700w, https:\/\/ecoplast-technology.com\/wp-content\/uploads\/2023\/10\/insulation-300x300.png 300w, https:\/\/ecoplast-technology.com\/wp-content\/uploads\/2023\/10\/insulation-150x150.png 150w, https:\/\/ecoplast-technology.com\/wp-content\/uploads\/2023\/10\/insulation-600x600.png 600w\" data-sizes=\"(max-width: 700px) 100vw, 700px\" \/><\/span><div class=\"cz_wpe_content\"><h4><span style=\"color: #ffffff;\">Energie-Effizienz<\/span><\/h4>\n<p>&nbsp;<\/p>\n<p><span style=\"font-size: 14px; color: #ffffff;\">Wir bieten Fenster f\u00fcr jeden Energiebedarf. W\u00e4hlen Sie zum Beispiel die AWS 90.SI\u207a und entscheiden Sie sich f\u00fcr ein Passivhaus-zertifiziertes System.<\/span><\/p>\n<\/div><\/div><\/div>[\/vc_column][vc_column width=&#8220;1\/4&#8243;]<div id=\"cz_84274\" class=\"cz_84274 cz_title clr cz_smart_fs cz_title_has_icon cz_title_pos_inline wpb_animate_when_almost_visible fadeInUp\"><div class=\"cz_title_content\"><span class=\"cz_title_icon_before cz_title_image\"><img decoding=\"async\" width=\"700\" height=\"700\" src=\"data:image\/svg+xml,%3Csvg%20xmlns%3D&#39;http%3A%2F%2Fwww.w3.org%2F2000%2Fsvg&#39;%20width=&#39;700&#39;%20height=&#39;700&#39;%20viewBox%3D&#39;0%200%20700%20700&#39;%2F%3E\" data-czlz data-src=\"https:\/\/ecoplast-technology.com\/wp-content\/uploads\/2023\/10\/tthief.png\" class=\"attachment-full\" alt=\"\" title=\"tthief\" data-srcset=\"https:\/\/ecoplast-technology.com\/wp-content\/uploads\/2023\/10\/tthief.png 700w, https:\/\/ecoplast-technology.com\/wp-content\/uploads\/2023\/10\/tthief-300x300.png 300w, https:\/\/ecoplast-technology.com\/wp-content\/uploads\/2023\/10\/tthief-150x150.png 150w, https:\/\/ecoplast-technology.com\/wp-content\/uploads\/2023\/10\/tthief-600x600.png 600w\" data-sizes=\"(max-width: 700px) 100vw, 700px\" \/><\/span><div class=\"cz_wpe_content\"><h4><span style=\"color: #ffffff;\">Sicherheit<\/span><\/h4>\n<p>&nbsp;<\/p>\n<p><span style=\"font-size: 14px; color: #ffffff;\">Je nach Anforderung k\u00f6nnen Sie zwischen den Widerstandsklassen RC 1 bis RC 3 w\u00e4hlen. Die SimplySmart OpenSecure-Beschl\u00e4ge bieten sogar RC 2, wenn sie teilweise ge\u00f6ffnet (gekippt) sind.<\/span><\/p>\n<\/div><\/div><\/div>[\/vc_column][vc_column width=&#8220;1\/4&#8243;]<div id=\"cz_49483\" class=\"cz_49483 cz_title clr cz_smart_fs cz_title_has_icon cz_title_pos_inline wpb_animate_when_almost_visible fadeInUp\"><div class=\"cz_title_content\"><span class=\"cz_title_icon_before cz_title_image\"><img decoding=\"async\" width=\"700\" height=\"700\" src=\"data:image\/svg+xml,%3Csvg%20xmlns%3D&#39;http%3A%2F%2Fwww.w3.org%2F2000%2Fsvg&#39;%20width=&#39;700&#39;%20height=&#39;700&#39;%20viewBox%3D&#39;0%200%20700%20700&#39;%2F%3E\" data-czlz data-src=\"https:\/\/ecoplast-technology.com\/wp-content\/uploads\/2023\/10\/barrire-free.png\" class=\"attachment-full\" alt=\"\" title=\"barrire-free\" data-srcset=\"https:\/\/ecoplast-technology.com\/wp-content\/uploads\/2023\/10\/barrire-free.png 700w, https:\/\/ecoplast-technology.com\/wp-content\/uploads\/2023\/10\/barrire-free-300x300.png 300w, https:\/\/ecoplast-technology.com\/wp-content\/uploads\/2023\/10\/barrire-free-150x150.png 150w, https:\/\/ecoplast-technology.com\/wp-content\/uploads\/2023\/10\/barrire-free-600x600.png 600w\" data-sizes=\"(max-width: 700px) 100vw, 700px\" \/><\/span><div class=\"cz_wpe_content\"><h4><span style=\"color: #ffffff;\">Barrierefreie Zug\u00e4nge<\/span><\/h4>\n<p>&nbsp;<\/p>\n<p><span style=\"font-size: 14px; color: #ffffff;\">F\u00fcr noch mehr Komfort bieten wir unsere barrierefreien Fenstersysteme in den Bautiefen 70, 75 und 90 an, die durch ihre flache Schwelle und geringe Bedienkr\u00e4fte \u00fcberzeugen.<\/span><\/p>\n<\/div><\/div><\/div>[\/vc_column][\/vc_row][vc_row full_width=&#8220;stretch_row&#8220; css=&#8220;.vc_custom_1695654711064{padding-top: 100px !important;}&#8220;][vc_column][vc_column_text]<strong>Sch\u00fcco LivIng Alu Inside &#8211; Die neue Generation der stahlfreien Profile<\/strong>[\/vc_column_text][vc_row_inner][vc_column_inner width=&#8220;1\/3&#8243;]<div id=\"cz_41696\" class=\"cz_41696 cz_image clr cz_image_no_fx center_on_mobile\"><div class=\"\" ><div class=\"cz_image_in\"><div class=\"cz_main_image\"><img decoding=\"async\" width=\"458\" height=\"258\" src=\"data:image\/svg+xml,%3Csvg%20xmlns%3D&#39;http%3A%2F%2Fwww.w3.org%2F2000%2Fsvg&#39;%20width=&#39;458&#39;%20height=&#39;258&#39;%20viewBox%3D&#39;0%200%20458%20258&#39;%2F%3E\" data-czlz data-src=\"https:\/\/ecoplast-technology.com\/wp-content\/uploads\/2023\/10\/1.webp\" class=\"attachment-full\" alt=\"\" title=\"1\" data-srcset=\"https:\/\/ecoplast-technology.com\/wp-content\/uploads\/2023\/10\/1.webp 458w, https:\/\/ecoplast-technology.com\/wp-content\/uploads\/2023\/10\/1-300x169.webp 300w\" data-sizes=\"(max-width: 458px) 100vw, 458px\" \/><\/div><\/div><\/div><\/div>[\/vc_column_inner][vc_column_inner width=&#8220;2\/3&#8243;][vc_column_text]Sch\u00fcco LivIng setzt neue Ma\u00dfst\u00e4be in Bezug auf Komfort, Sicherheit, Energieeffizienz und Design. Mit einer Bautiefe von 82 mm und W\u00e4rmed\u00e4mmwerten auf Passivhausniveau verf\u00fcgt es \u00fcber alle Eigenschaften, die f\u00fcr zukunftsweisende Energiesparfenster notwendig sind. Die neue Dichtungstechnologie bietet wirksamen Schutz vor Zugluft, Feuchtigkeit und L\u00e4rm &#8211; ein Leben lang. Qualit\u00e4t &#8222;Made in Germany&#8220; und Einbruchhemmung bis Widerstandsklasse RC 2.<\/p>\n<ul class=\"list-style-two\">\n<li>7-Kammer-Fenstersystem mit hervorragenden W\u00e4rmed\u00e4mmeigenschaften f\u00fcr Uf-Werte bis zu 0,96 W\/(m\u00b2K)<\/li>\n<li>Erh\u00e4ltlich mit 2 oder 3 Dichtungsebenen<\/li>\n<li>Mehrere Design-Optionen<\/li>\n<\/ul>\n<p>[\/vc_column_text][\/vc_column_inner][\/vc_row_inner][\/vc_column][\/vc_row][vc_row full_width=&#8220;stretch_row&#8220; css=&#8220;.vc_custom_1696944565464{padding-top: 100px !important;padding-bottom: 40px !important;background-color: #f3f8ff !important;}&#8220;][vc_column][vc_column_text]<\/p>\n<h4>Sch\u00fcco CT 70 &#8211; Das Multitalent unter den Fenstersystemen<\/h4>\n<p>[\/vc_column_text][vc_row_inner][vc_column_inner width=&#8220;1\/3&#8243;]<div id=\"cz_86765\" class=\"cz_86765 cz_image clr cz_image_no_fx center_on_mobile\"><div class=\"\" ><div class=\"cz_image_in\"><div class=\"cz_main_image\"><img decoding=\"async\" width=\"458\" height=\"258\" src=\"data:image\/svg+xml,%3Csvg%20xmlns%3D&#39;http%3A%2F%2Fwww.w3.org%2F2000%2Fsvg&#39;%20width=&#39;458&#39;%20height=&#39;258&#39;%20viewBox%3D&#39;0%200%20458%20258&#39;%2F%3E\" data-czlz data-src=\"https:\/\/ecoplast-technology.com\/wp-content\/uploads\/2023\/10\/2.webp\" class=\"attachment-full\" alt=\"\" title=\"2\" data-srcset=\"https:\/\/ecoplast-technology.com\/wp-content\/uploads\/2023\/10\/2.webp 458w, https:\/\/ecoplast-technology.com\/wp-content\/uploads\/2023\/10\/2-300x169.webp 300w\" data-sizes=\"(max-width: 458px) 100vw, 458px\" \/><\/div><\/div><\/div><\/div>[\/vc_column_inner][vc_column_inner width=&#8220;2\/3&#8243;][vc_column_text]<\/p>\n<p class=\"text\">Die Kunststoff-Fenster der Serie CT 70 von Sch\u00fcco zeichnen sich durch hohe W\u00e4rmed\u00e4mmung und vielseitiges Zubeh\u00f6r aus und \u00fcberzeugen durch zeitlose Linienf\u00fchrung, schmale Ansichtsbreiten und sehr guten Schallschutz. Sch\u00fcco CT 70-Fenster sind mit zwei durchgehenden Dichtungsebenen erh\u00e4ltlich.<\/p>\n<ul class=\"list-style-two\">\n<li>Gute W\u00e4rmed\u00e4mmung: Uf-Werte von 1,2 bis 1,5 W\/(m\u00b2K)<\/li>\n<li>Gestaltungsfreiheit durch die Wahl zwischen zwei Konturen (Classic und Rondo)<\/li>\n<li>Vielf\u00e4ltige Farb- und Designoptionen<\/li>\n<\/ul>\n<p>[\/vc_column_text][\/vc_column_inner][\/vc_row_inner][\/vc_column][\/vc_row][vc_row full_width=&#8220;stretch_row&#8220; css=&#8220;.vc_custom_1695654711064{padding-top: 100px !important;}&#8220;][vc_column][vc_column_text]<\/p>\n<h4>Sch\u00fcco LivIng &#8211; Haust\u00fcren, die f\u00fcr Ihre Anforderungen entwickelt wurden<\/h4>\n<p>[\/vc_column_text][vc_row_inner][vc_column_inner width=&#8220;1\/3&#8243;]<div id=\"cz_12575\" class=\"cz_12575 cz_image clr cz_image_no_fx center_on_mobile\"><div class=\"\" ><div class=\"cz_image_in\"><div class=\"cz_main_image\"><img decoding=\"async\" width=\"458\" height=\"258\" src=\"data:image\/svg+xml,%3Csvg%20xmlns%3D&#39;http%3A%2F%2Fwww.w3.org%2F2000%2Fsvg&#39;%20width=&#39;458&#39;%20height=&#39;258&#39;%20viewBox%3D&#39;0%200%20458%20258&#39;%2F%3E\" data-czlz data-src=\"https:\/\/ecoplast-technology.com\/wp-content\/uploads\/2023\/10\/3.webp\" class=\"attachment-full\" alt=\"\" title=\"3\" data-srcset=\"https:\/\/ecoplast-technology.com\/wp-content\/uploads\/2023\/10\/3.webp 458w, https:\/\/ecoplast-technology.com\/wp-content\/uploads\/2023\/10\/3-300x169.webp 300w\" data-sizes=\"(max-width: 458px) 100vw, 458px\" \/><\/div><\/div><\/div><\/div>[\/vc_column_inner][vc_column_inner width=&#8220;2\/3&#8243;][vc_column_text]<\/p>\n<p class=\"text\">Sch\u00fcco LivIng setzt neue Ma\u00dfst\u00e4be in Bezug auf Komfort, Sicherheit, Energieeffizienz und Design. Mit einer Bautiefe von 82 mm und hervorragenden W\u00e4rmed\u00e4mmwerten verf\u00fcgt sie \u00fcber alle Eigenschaften, die f\u00fcr zukunftsweisende Energiespart\u00fcren notwendig sind. Die neue Dichtungstechnologie bietet wirksamen Schutz vor Zugluft, Feuchtigkeit und L\u00e4rm &#8211; ein Leben lang. Qualit\u00e4t &#8222;Made in Germany&#8220; und Einbruchhemmung bis Widerstandsklasse RC 2.<\/p>\n<ul class=\"list-style-two\">\n<li>W\u00e4rmed\u00e4mmung mit einem Uf-Wert von 1,1 &#8211; 1,3 W\/(m2K)<\/li>\n<li>Schutz vor Wind und Wetter durch zwei Dichtungsebenen<\/li>\n<li>Leicht zug\u00e4ngliches Design<\/li>\n<li>Mehrere Design-Optionen<\/li>\n<\/ul>\n<p>[\/vc_column_text][\/vc_column_inner][\/vc_row_inner][\/vc_column][\/vc_row][vc_row full_width=&#8220;stretch_row&#8220; css=&#8220;.vc_custom_1696944498268{padding-top: 100px !important;background-color: #f3f8ff !important;}&#8220;][vc_column][vc_column_text]<\/p>\n<h4>Sch\u00fcco CT 70 &#8211; das Multitalent unter den T\u00fcrsystemen<\/h4>\n<p>[\/vc_column_text][vc_row_inner][vc_column_inner width=&#8220;1\/3&#8243;]<div id=\"cz_47186\" class=\"cz_47186 cz_image clr cz_image_no_fx center_on_mobile\"><div class=\"\" ><div class=\"cz_image_in\"><div class=\"cz_main_image\"><img decoding=\"async\" width=\"458\" height=\"258\" src=\"data:image\/svg+xml,%3Csvg%20xmlns%3D&#39;http%3A%2F%2Fwww.w3.org%2F2000%2Fsvg&#39;%20width=&#39;458&#39;%20height=&#39;258&#39;%20viewBox%3D&#39;0%200%20458%20258&#39;%2F%3E\" data-czlz data-src=\"https:\/\/ecoplast-technology.com\/wp-content\/uploads\/2023\/10\/4.webp\" class=\"attachment-full\" alt=\"\" title=\"4\" data-srcset=\"https:\/\/ecoplast-technology.com\/wp-content\/uploads\/2023\/10\/4.webp 458w, https:\/\/ecoplast-technology.com\/wp-content\/uploads\/2023\/10\/4-300x169.webp 300w\" data-sizes=\"(max-width: 458px) 100vw, 458px\" \/><\/div><\/div><\/div><\/div>[\/vc_column_inner][vc_column_inner width=&#8220;2\/3&#8243;][vc_column_text]<\/p>\n<p class=\"text\">Sch\u00fcco CT 70-T\u00fcren eignen sich f\u00fcr eine Vielzahl von Einsatzm\u00f6glichkeiten im Neubau und in der Renovierung. Ein umfangreiches Zubeh\u00f6rprogramm gew\u00e4hrleistet ein hohes Ma\u00df an Systemsicherheit. Das bew\u00e4hrte Mehrkammerprofil und die thermische Trennung der T\u00fcrschwelle garantieren eine hohe W\u00e4rmed\u00e4mmung und bieten damit ein erhebliches Energiesparpotenzial.<\/p>\n<ul class=\"list-style-two\">\n<li>Hervorragende W\u00e4rmed\u00e4mmung mit einem Uf-Wert von 1,4 &#8211; 1,5 W\/(m2K)<\/li>\n<li>Einfach zu integrierende Komfort- und Sicherheitsfunktionen<\/li>\n<li>Leicht zug\u00e4ngliches Design<\/li>\n<li>Verschiedene Farb- und Designoptionen<\/li>\n<\/ul>\n<p>[\/vc_column_text][\/vc_column_inner][\/vc_row_inner][\/vc_column][\/vc_row][vc_row full_width=&#8220;stretch_row&#8220; css=&#8220;.vc_custom_1695654711064{padding-top: 100px !important;}&#8220;][vc_column][vc_column_text]<\/p>\n<h4>Sch\u00fcco LivIngSlide &#8211; f\u00fcr h\u00f6chsten Wohnkomfort und beste Aussichten<\/h4>\n<p>[\/vc_column_text][vc_row_inner][vc_column_inner width=&#8220;1\/3&#8243;]<div id=\"cz_13227\" class=\"cz_13227 cz_image clr cz_image_no_fx center_on_mobile\"><div class=\"\" ><div class=\"cz_image_in\"><div class=\"cz_main_image\"><img decoding=\"async\" width=\"458\" height=\"258\" src=\"data:image\/svg+xml,%3Csvg%20xmlns%3D&#39;http%3A%2F%2Fwww.w3.org%2F2000%2Fsvg&#39;%20width=&#39;458&#39;%20height=&#39;258&#39;%20viewBox%3D&#39;0%200%20458%20258&#39;%2F%3E\" data-czlz data-src=\"https:\/\/ecoplast-technology.com\/wp-content\/uploads\/2023\/10\/5.webp\" class=\"attachment-full\" alt=\"\" title=\"5\" data-srcset=\"https:\/\/ecoplast-technology.com\/wp-content\/uploads\/2023\/10\/5.webp 458w, https:\/\/ecoplast-technology.com\/wp-content\/uploads\/2023\/10\/5-300x169.webp 300w\" data-sizes=\"(max-width: 458px) 100vw, 458px\" \/><\/div><\/div><\/div><\/div>[\/vc_column_inner][vc_column_inner width=&#8220;2\/3&#8243;][vc_column_text]<\/p>\n<p class=\"text\">Mit Sch\u00fcco LivIngSlide k\u00f6nnen Sie die Sonne in Ihr Haus lassen und einen \u00e4u\u00dferst komfortablen Wohnraum genie\u00dfen. Mit ein paar schnellen Handbewegungen werden neue R\u00e4ume erschlossen. Der Wintergarten verschmilzt mit dem Garten, w\u00e4hrend der Balkon und die Terrasse den Wohnbereich erweitern. Entdecken Sie die zahlreichen M\u00f6glichkeiten, die Ihnen die Hebeschiebet\u00fcren der Serie Sch\u00fcco LivIng er\u00f6ffnen, um Ihre architektonischen Vorstellungen zu verwirklichen &#8211; sei es im Neubau oder in einer bestehenden Immobilie.<\/p>\n<ul class=\"list-style-two\">\n<li>Ausgekl\u00fcgelte Konstruktionen sorgen f\u00fcr maximale Energieeffizienz mit Uf-Werten von 1,3 W\/(m2K)<\/li>\n<li>Wertsteigerung durch erh\u00f6hte Einbruchsicherheit bis RC2<\/li>\n<li>Optimale Schalld\u00e4mmung f\u00fcr ruhiges Wohnen<\/li>\n<li>Sehr einfach zu bedienen &#8211; auch bei gro\u00dfen Einheiten<\/li>\n<li>Langlebiges Material mit minimalem Pflege- und Wartungsaufwand<\/li>\n<\/ul>\n<p>[\/vc_column_text][\/vc_column_inner][\/vc_row_inner][\/vc_column][\/vc_row][vc_row full_width=&#8220;stretch_row&#8220; css=&#8220;.vc_custom_1614553410788{background: #468777 url(https:\/\/ecoplast-technology.com\/wp-content\/uploads\/2021\/02\/bg5.jpg?id=899) !important;background-position: center !important;background-repeat: no-repeat !important;background-size: cover !important;}&#8220;][vc_column width=&#8220;1\/2&#8243;]<div class=\"relative\"><div id=\"cz_46528\" class=\"cz_sep2 cz_sep2_28 cz_sep_top\"><svg preserveAspectRatio=\"none\" xmlns=\"http:\/\/www.w3.org\/2000\/svg\" width=\"100%\"  viewBox=\"0 0 1600 128\">\n\t\t\t\t\t\t\t<path style=\"fill:transparent\" d=\"M800,0h754V90H710Z\"\/>\n\t\t\t\t\t\t\t<path style=\"fill:rgba(255,255,255,0.45)\" d=\"M835,0h754V90H745Z\"\/>\n\t\t\t\t\t\t\t<rect style=\"fill:#ffffff\" y=\"89\" width=\"1600\" height=\"38\"\/>\n\t\t\t\t\t\t\t<path style=\"fill:#ffffff\" d=\"M872,0h754V90H782Z\"\/>\n\t\t\t\t\t\t<\/svg><\/div><\/div><div id=\"cz_30109\" class=\"cz_30109 cz_image clr cz_image_no_fx center_on_mobile\"><div class=\"cz_svg_bg\" ><div class=\"cz_image_in\"><div class=\"cz_main_image\"><img decoding=\"async\" width=\"462\" height=\"638\" src=\"data:image\/svg+xml,%3Csvg%20xmlns%3D&#39;http%3A%2F%2Fwww.w3.org%2F2000%2Fsvg&#39;%20width=&#39;462&#39;%20height=&#39;638&#39;%20viewBox%3D&#39;0%200%20462%20638&#39;%2F%3E\" data-czlz data-src=\"https:\/\/ecoplast-technology.com\/wp-content\/uploads\/2023\/09\/about-image-1.webp\" class=\"attachment-full\" alt=\"\" title=\"about-image-1\" data-srcset=\"https:\/\/ecoplast-technology.com\/wp-content\/uploads\/2023\/09\/about-image-1.webp 462w, https:\/\/ecoplast-technology.com\/wp-content\/uploads\/2023\/09\/about-image-1-217x300.webp 217w\" data-sizes=\"(max-width: 462px) 100vw, 462px\" \/><\/div><\/div><\/div><\/div>[\/vc_column][vc_column width=&#8220;1\/2&#8243;]<div class=\"cz_gap clr \" style=\"height: 300px\"><\/div><div id=\"cz_80080\" class=\"cz_80080 cz_title clr cz_mobile_text_center cz_title_pos_inline\"><div class=\"cz_title_content\"><div class=\"cz_wpe_content\"><p>Schritt f\u00fcr Schritt mit uns<\/p>\n<\/div><\/div><\/div><div class=\"cz_gap clr \" style=\"height: 20px\"><\/div><div id=\"cz_56923\" class=\"cz_56923 cz_title clr cz_mobile_text_center cz_title_pos_inline\"><div class=\"cz_title_content\"><div class=\"cz_wpe_content\"><h2>Wie arbeiten wir?<\/h2>\n<\/div><\/div><\/div><div id=\"cz_13979\" class=\"cz_13979 cz_title clr cz_title_has_icon cz_title_pos_inline\"><div class=\"cz_title_content\"><i class=\"cz_title_icon_before cz_title_number\"><span>1<\/span><\/i><div class=\"cz_wpe_content\"><h3>Kostenlose Beratung<\/h3>\n<p>wir beraten Sie kostenlos zu Ihrem Projekt<\/p>\n<\/div><\/div><\/div><div id=\"cz_16659\" class=\"cz_16659 cz_title clr cz_title_has_icon cz_title_pos_inline\"><div class=\"cz_title_content\"><i class=\"cz_title_icon_before cz_title_number\"><span>2<\/span><\/i><div class=\"cz_wpe_content\"><h3>Unterschreiben Sie einen Vertrag<\/h3>\n<p>einen Vertrag mit Ihnen in unserer Rechtsabteilung unterzeichnen<\/p>\n<\/div><\/div><\/div><div id=\"cz_103648\" class=\"cz_103648 cz_title clr cz_title_has_icon cz_title_pos_inline\"><div class=\"cz_title_content\"><i class=\"cz_title_icon_before cz_title_number\"><span>3<\/span><\/i><div class=\"cz_wpe_content\"><h3>Entwurf &amp; Skizze<\/h3>\n<p>Unser professionelles Team wird Ihr Projekt recherchieren und entwerfen<\/p>\n<\/div><\/div><\/div><div id=\"cz_17148\" class=\"cz_17148 cz_title clr cz_title_has_icon cz_title_pos_inline\"><div class=\"cz_title_content\"><i class=\"cz_title_icon_before cz_title_number\"><span>4<\/span><\/i><div class=\"cz_wpe_content\"><h3>Sterngeb\u00e4ude<\/h3>\n<p>Nach Ihrer Zustimmung beginnen wir mit dem Bau Ihres Traums.<\/p>\n<\/div><\/div><\/div><div class=\"cz_gap clr \" style=\"height: 50px\"><\/div><div class=\"cz_gap clr  hide_on_tablet hide_on_mobile\" style=\"height: 150px\"><\/div><div class=\"cz_gap show_on_tablet clr  show_only_tablet\" style=\"height: 170px\"><\/div><div class=\"cz_gap show_on_mobile clr\" style=\"height: 0px\"><\/div>[\/vc_column][\/vc_row][vc_row][vc_column][vc_column_text][\/vc_column_text][\/vc_column][\/vc_row]<\/p>\n<\/div>","protected":false},"excerpt":{"rendered":"<p>[vc_row full_width=&#8220;stretch_row&#8220; css=&#8220;.vc_custom_1694071312692{padding-top: 100px !important;padding-bottom: 100px !important;background-color: #f3f8ff !important;}&#8220;][vc_column width=&#8220;2\/3&#8243;][vc_column_text] PVC-Profilen &#8230; <\/p>\n","protected":false},"author":1,"featured_media":0,"parent":0,"menu_order":0,"comment_status":"closed","ping_status":"closed","template":"","meta":{"footnotes":""},"class_list":["post-1735","page","type-page","status-publish","hentry"],"_links":{"self":[{"href":"https:\/\/ecoplast-technology.com\/de\/wp-json\/wp\/v2\/pages\/1735","targetHints":{"allow":["GET"]}}],"collection":[{"href":"https:\/\/ecoplast-technology.com\/de\/wp-json\/wp\/v2\/pages"}],"about":[{"href":"https:\/\/ecoplast-technology.com\/de\/wp-json\/wp\/v2\/types\/page"}],"author":[{"embeddable":true,"href":"https:\/\/ecoplast-technology.com\/de\/wp-json\/wp\/v2\/users\/1"}],"replies":[{"embeddable":true,"href":"https:\/\/ecoplast-technology.com\/de\/wp-json\/wp\/v2\/comments?post=1735"}],"version-history":[{"count":2,"href":"https:\/\/ecoplast-technology.com\/de\/wp-json\/wp\/v2\/pages\/1735\/revisions"}],"predecessor-version":[{"id":1980,"href":"https:\/\/ecoplast-technology.com\/de\/wp-json\/wp\/v2\/pages\/1735\/revisions\/1980"}],"wp:attachment":[{"href":"https:\/\/ecoplast-technology.com\/de\/wp-json\/wp\/v2\/media?parent=1735"}],"curies":[{"name":"wp","href":"https:\/\/api.w.org\/{rel}","templated":true}]}}